{"id":406,"date":"2024-07-16T15:42:01","date_gmt":"2024-07-16T15:42:01","guid":{"rendered":"https:\/\/haar-atelier-hofheim.de\/?page_id=406"},"modified":"2024-09-06T00:02:38","modified_gmt":"2024-09-06T00:02:38","slug":"impressum","status":"publish","type":"page","link":"https:\/\/haar-atelier-hofheim.de\/?page_id=406","title":{"rendered":"Impressum"},"content":{"rendered":"\t\t<div data-elementor-type=\"wp-page\" data-elementor-id=\"406\" class=\"elementor elementor-406\">\n\t\t\t\t<div class=\"elementor-element elementor-element-10ba8425 e-flex e-con-boxed wpr-particle-no wpr-jarallax-no wpr-parallax-no wpr-sticky-section-no e-con e-parent\" data-id=\"10ba8425\" data-element_type=\"container\" data-e-type=\"container\">\n\t\t\t\t\t<div class=\"e-con-inner\">\n\t\t\t\t<div class=\"elementor-element elementor-element-c955433 elementor-widget elementor-widget-spacer\" data-id=\"c955433\" data-element_type=\"widget\" data-e-type=\"widget\" data-widget_type=\"spacer.default\">\n\t\t\t\t<div class=\"elementor-widget-container\">\n\t\t\t\t\t\t\t<div class=\"elementor-spacer\">\n\t\t\t<div class=\"elementor-spacer-inner\"><\/div>\n\t\t<\/div>\n\t\t\t\t\t\t<\/div>\n\t\t\t\t<\/div>\n\t\t\t\t<div class=\"elementor-element elementor-element-730b9ff elementor-widget elementor-widget-heading\" data-id=\"730b9ff\" data-element_type=\"widget\" data-e-type=\"widget\" data-widget_type=\"heading.default\">\n\t\t\t\t<div class=\"elementor-widget-container\">\n\t\t\t\t\t<h1 class=\"elementor-heading-title elementor-size-default\">Impressum<\/h1>\t\t\t\t<\/div>\n\t\t\t\t<\/div>\n\t\t\t\t<div class=\"elementor-element elementor-element-fa29e75 elementor-widget elementor-widget-text-editor\" data-id=\"fa29e75\" data-element_type=\"widget\" data-e-type=\"widget\" data-widget_type=\"text-editor.default\">\n\t\t\t\t<div class=\"elementor-widget-container\">\n\t\t\t\t\t\t\t\t\t<h2><strong>Angaben gem\u00e4\u00df \u00a7 5 TMG<\/strong><\/h2><p>Haar Atelier &#8211; Katrin Henke<br \/>Hauptstra\u00dfe 4<br \/>65719 Hofheim am Taunus<\/p><h2><strong>Vertreten durch<\/strong><\/h2><p>Katrin Galesic ehemals Henke<\/p><h3><strong>Kontakt<\/strong><\/h3><p><strong>Telefon:<\/strong> <span style=\"font-weight: 400;\">06192 2005876<\/span><br \/><strong>E-Mail: <\/strong>info@haar-atelier-hofheim.de<\/p><div class=\"elementor-element elementor-element-37ebcf3 elementor-widget elementor-widget-text-editor\" data-id=\"37ebcf3\" data-element_type=\"widget\" data-widget_type=\"text-editor.default\"><div class=\"elementor-widget-container\"><h3><b>USt-ID(Nr.) gem\u00e4\u00df \u00a727a Umsatzsteuergesetz<\/b><\/h3><\/div><\/div><div class=\"elementor-element elementor-element-7221e39 elementor-widget elementor-widget-text-editor\" data-id=\"7221e39\" data-element_type=\"widget\" data-widget_type=\"text-editor.default\"><div class=\"elementor-widget-container\"><p><span style=\"font-weight: 400;\">DE<\/span><span style=\"font-weight: 400;\">64682000851<\/span><\/p><h2><strong>Streitschlichtung<\/strong><\/h2><p>Die EU-Kommission hat gem\u00e4\u00df EU-Verordnung Nr.524\/2012 eine interaktive Webseite (OS-Plattform) bereits gestellt, die der Beilegung au\u00dfergerichtlicher Streitigkeiten aus Online-Rechtsgesch\u00e4ften dient. Die OS-Plattform der EU-Kommussion findest du <a href=\"https:\/\/ec.europa.eu\/consumers\/odr\/main\/index.cfm?event=main.home.chooseLanguage\" target=\"_blank\" rel=\"noopener\">unter folgendem Link<\/a>.<\/p><p>Information gem\u00e4\u00df \u00a7 36 Verbrauchstreitbeilegungsgesetz:<\/p><p>Haar Atelier nimmt an einem freiwilligen Streitbeilegungsverfahren vor einer deutschen Verbraucherschlichtungsstelle nicht teil. Eine gesetzliche Verpflichtung besteht nicht.<\/p><h3>Haftung fu\u0308r Inhalte<\/h3><div>Die Inhalte meiner Webseite wurden mit gr\u00f6\u00dftm\u00f6glicher Sorgfalt erstellt. Fu\u0308r die Richtigkeit, Vollst\u00e4ndigkeit und Aktualit\u00e4t der Inhalte kann ich jedoch keine Gew\u00e4hr u\u0308bernehmen. Als Diensteanbieter bin ich gem\u00e4\u00df \u00a7 7 Abs.1 TMG fu\u0308r eigene Inhalte auf diesen Seiten nach den allgemeinen Gesetzen verantwortlich. Nach \u00a7\u00a7 8 bis 10 TMG bin ich als Diensteanbieter jedoch nicht verpflichtet, u\u0308bermittelte oder gespeicherte fremde Informationen zu u\u0308berwachen oder nach Umst\u00e4nden zu forschen, die auf eine rechtswidrige T\u00e4tigkeit hinweisen. Verpflichtungen zur Entfernung oder Sperrung der Nutzung von Informationen nach den allgemeinen Gesetzen bleiben hiervon unberu\u0308hrt. Eine diesbezu\u0308gliche Haftung ist jedoch erst ab dem Zeitpunkt der Kenntnis einer konkreten Rechtsverletzung m\u00f6glich. Bei Bekanntwerden von entsprechenden Rechtsverletzungen werde ich diese Inhalte umgehend entfernen.<\/div><div>\u00a0<\/div><h3>Haftungsbeschr\u00e4nkung fu\u0308r externe Links<\/h3><div>Meine Webseite enth\u00e4lt Links zu externen Webseiten Dritter, auf deren Inhalte wir keinen Einfluss haben. Daher kann ich fu\u0308r diese fremden Inhalte auch keine Gew\u00e4hr u\u0308bernehmen. Fu\u0308r die Inhalte der verlinkten Seiten ist stets der jeweilige Anbieter oder Betreiber der Seiten verantwortlich. Die verlinkten Seiten wurden zum Zeitpunkt der Verlinkung auf m\u00f6gliche Rechtsverst\u00f6\u00dfe u\u0308berpru\u0308ft. Rechtswidrige Inhalte waren zum Zeitpunkt der Verlinkung nicht erkennbar. Eine permanente inhaltliche Kontrolle der verlinkten Seiten ist jedoch ohne konkrete Anhaltspunkte einer Rechtsverletzung nicht zumutbar. Bei Bekanntwerden von Rechtsverletzungen werde ich derartige Links umgehend entfernen.<\/div><h3>Urheberrecht<\/h3><div>Die durch die Seitenbetreiber erstellten Inhalte und Werke auf diesen Seiten unterliegen dem deutschen Urheberrecht. Die Vervielf\u00e4ltigung, Bearbeitung, Verbreitung und jede Art der Verwertung au\u00dferhalb der Grenzen des Urheberrechts bedu\u0308rfen der schriftlichen Zustimmung des jeweiligen Autors bzw. Erstellers. Downloads und Kopien dieser Seite sind nur fu\u0308r den privaten, nicht kommerziellen Gebrauch gestattet. Soweit die Inhalte auf dieser Seite nicht vom Betreiber erstellt wurden, werden die Urheberrechte Dritter beachtet. Insbesondere werden Inhalte Dritter als solche gekennzeichnet. Solltest du trotzdem auf eine Urheberrechtsverletzung aufmerksam werden, bitte ich dich um einen entsprechenden Hinweis. Bei Bekanntwerden von Rechtsverletzungen werde ich derartige Inhalte umgehend entfernen.<\/div><\/div><\/div>\t\t\t\t\t\t\t\t<\/div>\n\t\t\t\t<\/div>\n\t\t\t\t<div class=\"elementor-element elementor-element-e30a811 elementor-widget elementor-widget-spacer\" data-id=\"e30a811\" data-element_type=\"widget\" data-e-type=\"widget\" data-widget_type=\"spacer.default\">\n\t\t\t\t<div class=\"elementor-widget-container\">\n\t\t\t\t\t\t\t<div class=\"elementor-spacer\">\n\t\t\t<div class=\"elementor-spacer-inner\"><\/div>\n\t\t<\/div>\n\t\t\t\t\t\t<\/div>\n\t\t\t\t<\/div>\n\t\t\t\t\t<\/div>\n\t\t\t\t<\/div>\n\t\t\t\t<\/div>\n\t\t","protected":false},"excerpt":{"rendered":"<p>Impressum Angaben gem\u00e4\u00df \u00a7 5 TMG Haar Atelier &#8211; Katrin HenkeHauptstra\u00dfe 465719 Hofheim am Taunus Vertreten durch Katrin Galesic ehemals Henke Kontakt Telefon: 06192 2005876E-Mail: info@haar-atelier-hofheim.de USt-ID(Nr.) gem\u00e4\u00df \u00a727a Umsatzsteuergesetz DE64682000851 Streitschlichtung Die EU-Kommission hat gem\u00e4\u00df EU-Verordnung Nr.524\/2012 eine interaktive Webseite (OS-Plattform) bereits gestellt, die der Beilegung au\u00dfergerichtlicher Streitigkeiten aus Online-Rechtsgesch\u00e4ften dient. Die OS-Plattform der EU-Kommussion findest du unter folgendem Link. Information gem\u00e4\u00df \u00a7 36 Verbrauchstreitbeilegungsgesetz: Haar Atelier nimmt an einem freiwilligen Streitbeilegungsverfahren vor einer deutschen Verbraucherschlichtungsstelle nicht teil. Eine gesetzliche Verpflichtung besteht nicht. Haftung fu\u0308r Inhalte Die Inhalte meiner Webseite wurden mit gr\u00f6\u00dftm\u00f6glicher Sorgfalt erstellt. Fu\u0308r die Richtigkeit, Vollst\u00e4ndigkeit und Aktualit\u00e4t der Inhalte kann ich jedoch keine Gew\u00e4hr u\u0308bernehmen. Als Diensteanbieter bin ich gem\u00e4\u00df \u00a7 7 Abs.1 TMG fu\u0308r eigene Inhalte auf diesen Seiten nach den allgemeinen Gesetzen verantwortlich. Nach \u00a7\u00a7 8 bis 10 TMG bin ich als Diensteanbieter jedoch nicht verpflichtet, u\u0308bermittelte oder gespeicherte fremde Informationen zu u\u0308berwachen oder nach Umst\u00e4nden zu forschen, die auf eine rechtswidrige T\u00e4tigkeit hinweisen. Verpflichtungen zur Entfernung oder Sperrung der Nutzung von Informationen nach den allgemeinen Gesetzen bleiben hiervon unberu\u0308hrt. Eine diesbezu\u0308gliche Haftung ist jedoch erst ab dem Zeitpunkt der Kenntnis einer konkreten Rechtsverletzung m\u00f6glich. Bei Bekanntwerden von entsprechenden Rechtsverletzungen werde ich diese Inhalte umgehend entfernen.\u00a0 Haftungsbeschr\u00e4nkung fu\u0308r externe Links Meine Webseite enth\u00e4lt Links zu externen Webseiten Dritter, auf deren Inhalte wir keinen Einfluss haben. Daher kann ich fu\u0308r diese fremden Inhalte auch keine Gew\u00e4hr u\u0308bernehmen. Fu\u0308r die Inhalte der verlinkten Seiten ist stets der jeweilige Anbieter oder Betreiber der Seiten verantwortlich. Die verlinkten Seiten wurden zum Zeitpunkt der Verlinkung auf m\u00f6gliche Rechtsverst\u00f6\u00dfe u\u0308berpru\u0308ft. Rechtswidrige Inhalte waren zum Zeitpunkt der Verlinkung nicht erkennbar. Eine permanente inhaltliche Kontrolle der verlinkten Seiten ist jedoch ohne konkrete Anhaltspunkte einer Rechtsverletzung nicht zumutbar. Bei Bekanntwerden von Rechtsverletzungen werde ich derartige Links umgehend entfernen. Urheberrecht Die durch die Seitenbetreiber erstellten Inhalte und Werke auf diesen Seiten unterliegen dem deutschen Urheberrecht. Die Vervielf\u00e4ltigung, Bearbeitung, Verbreitung und jede Art der Verwertung au\u00dferhalb der Grenzen des Urheberrechts bedu\u0308rfen der schriftlichen Zustimmung des jeweiligen Autors bzw. Erstellers. Downloads und Kopien dieser Seite sind nur fu\u0308r den privaten, nicht kommerziellen Gebrauch gestattet. Soweit die Inhalte auf dieser Seite nicht vom Betreiber erstellt wurden, werden die Urheberrechte Dritter beachtet. Insbesondere werden Inhalte Dritter als solche gekennzeichnet. Solltest du trotzdem auf eine Urheberrechtsverletzung aufmerksam werden, bitte ich dich um einen entsprechenden Hinweis. Bei Bekanntwerden von Rechtsverletzungen werde ich derartige Inhalte umgehend entfernen.<\/p>\n","protected":false},"author":1,"featured_media":0,"parent":0,"menu_order":0,"comment_status":"closed","ping_status":"open","template":"elementor_canvas","meta":{"footnotes":""},"class_list":["post-406","page","type-page","status-publish","hentry"],"_links":{"self":[{"href":"https:\/\/haar-atelier-hofheim.de\/index.php?rest_route=\/wp\/v2\/pages\/406"}],"collection":[{"href":"https:\/\/haar-atelier-hofheim.de\/index.php?rest_route=\/wp\/v2\/pages"}],"about":[{"href":"https:\/\/haar-atelier-hofheim.de\/index.php?rest_route=\/wp\/v2\/types\/page"}],"author":[{"embeddable":true,"href":"https:\/\/haar-atelier-hofheim.de\/index.php?rest_route=\/wp\/v2\/users\/1"}],"replies":[{"embeddable":true,"href":"https:\/\/haar-atelier-hofheim.de\/index.php?rest_route=%2Fwp%2Fv2%2Fcomments&post=406"}],"version-history":[{"count":34,"href":"https:\/\/haar-atelier-hofheim.de\/index.php?rest_route=\/wp\/v2\/pages\/406\/revisions"}],"predecessor-version":[{"id":1551,"href":"https:\/\/haar-atelier-hofheim.de\/index.php?rest_route=\/wp\/v2\/pages\/406\/revisions\/1551"}],"wp:attachment":[{"href":"https:\/\/haar-atelier-hofheim.de\/index.php?rest_route=%2Fwp%2Fv2%2Fmedia&parent=406"}],"curies":[{"name":"wp","href":"https:\/\/api.w.org\/{rel}","templated":true}]}}